{"id":78,"date":"2017-12-12T11:24:21","date_gmt":"2017-12-12T15:24:21","guid":{"rendered":"http:\/\/ayuntamiento.guineo\/transparencia\/?page_id=78"},"modified":"2022-08-03T14:40:39","modified_gmt":"2022-08-03T18:40:39","slug":"definicion-oaim-oficina-de-acceso-a-la-informacion-municipal","status":"publish","type":"page","link":"https:\/\/ayuntamientomontecristi.gob.do\/transparencia\/definicion-oaim-oficina-de-acceso-a-la-informacion-municipal\/","title":{"rendered":"Definici\u00f3n OAIM (Oficina de Acceso a la Informaci\u00f3n Municipal)"},"content":{"rendered":"<blockquote>\n<h3><strong>Definici\u00f3n OAI (Oficina de Acceso a la Informaci\u00f3n p\u00fablica)<\/strong><\/h3>\n<\/blockquote>\n<p>La Oficina de Acceso a la Informaci\u00f3n (OAI), es un mandato de la Ley General de Libre Acceso a la Informaci\u00f3n P\u00fablica Ley 200-04 y el Decreto No. 130-05 que crea el reglamento de dicha ley, con el objetivo de apoyar a entidades y personas tanto p\u00fablicas como privadas mediante las informaciones solicitadas.<\/p>\n<blockquote>\n<h3><strong>Visi\u00f3n<\/strong><\/h3>\n<\/blockquote>\n<p>Convertir la informaci\u00f3n en una herramienta al servicio de la ciudadan\u00eda, en un municipio rico en valores de honestidad y honradez,\u00a0 instaurando una cultura de transparencia y credibilidad institucional.<\/p>\n<blockquote>\n<h3><strong>Misi\u00f3n<\/strong><\/h3>\n<\/blockquote>\n<p>Garantizar el libre acceso a la informaci\u00f3n p\u00fablica municipal, apoyando el derecho que tiene la ciudadan\u00eda de recibir informaci\u00f3n de todo tipo de car\u00e1cter p\u00fablico a nivel municipal, entregando las informaciones solicitadas y cumplir con\u00a0 publicar\u00a0 todos los actos y actividades de la administraci\u00f3n p\u00fablica\u00a0 y\u00a0 las dependencias de\u00a0el Ayuntamiento de Montecristi con actualizaci\u00f3n de su informaci\u00f3n diaria.<\/p>\n<blockquote>\n<h3><strong>Definici\u00f3n RAI<\/strong><\/h3>\n<\/blockquote>\n<p>El\/la Responsable de Acceso a la Informaci\u00f3n P\u00fablica (RAI) del Ayuntamiento es el responsable de conducir las<br \/>\nacciones en esta \u00e1rea de gesti\u00f3n de manera coordinada con la DIGEIG.<\/p>\n<blockquote>\n<h3><strong>Proceso de Solicitud de Informaci\u00f3n:<\/strong><\/h3>\n<\/blockquote>\n<ul>\n<li>Completar el formulario de solicitud de informaci\u00f3n.<\/li>\n<li>Se procede a la revisi\u00f3n de dicho documento con la finalidad de verificar que est\u00e1 debidamente completada(o).<\/li>\n<li>Se hace entrega de acuse de recibo al solicitante.<\/li>\n<li>Seg\u00fan la complejidad de la informaci\u00f3n, se asigna una fecha de entrega. En caso de no ser la OPTIC la entidad competente para ofrecer la informaci\u00f3n requerida, dicha solicitud se refiere a la instituci\u00f3n correspondiente y se le informa al solicitante, el curso que ha tomado su solicitud y la instituci\u00f3n destinataria.<\/li>\n<li>Seguimiento de la(s) solicitud(es) hasta confirmar que se ha suministrado la informaci\u00f3n.<\/li>\n<\/ul>\n<blockquote>\n<h3><strong>Contacto Responsable de Acceso a la Informaci\u00f3n<\/strong><\/h3>\n<\/blockquote>\n<p><strong><span style=\"font-size: 12pt\">Yany Josefina Furcal Ramos<\/span><\/strong><\/p>\n<p>Responsable de Acceso a la Informaci\u00f3n\u00a0(RAI)<\/p>\n<p>Cel: 849-815-2008<\/p>\n<p>Correo electr\u00f3nico:<\/p>\n<p>yanyfurcal0208@gmail.com<\/p>\n<p>Correo electr\u00f3nico institucional:<\/p>\n<p>alcaldiademontecristi@hotmail.es<\/p>\n<p>C\/ 16 de Agosto # 50, Barrio Cristo Rey, Montecristi, R.D.<\/p>\n","protected":false},"excerpt":{"rendered":"Definici\u00f3n OAI (Oficina de Acceso a la Informaci\u00f3n p\u00fablica) La Oficina de Acceso a la Informaci\u00f3n (OAI), es un mandato de la Ley General de Libre Acceso a la Informaci\u00f3n P\u00fablica Ley 200-04 y el Decreto No. 130-05 que crea el reglamento de dicha ley, con el objetivo de apoyar a entidades y personas tanto&#8230;","protected":false},"author":3,"featured_media":0,"parent":0,"menu_order":0,"comment_status":"closed","ping_status":"closed","template":"","meta":[],"acf":[],"_links":{"self":[{"href":"https:\/\/ayuntamientomontecristi.gob.do\/transparencia\/wp-json\/wp\/v2\/pages\/78"}],"collection":[{"href":"https:\/\/ayuntamientomontecristi.gob.do\/transparencia\/wp-json\/wp\/v2\/pages"}],"about":[{"href":"https:\/\/ayuntamientomontecristi.gob.do\/transparencia\/wp-json\/wp\/v2\/types\/page"}],"author":[{"embeddable":true,"href":"https:\/\/ayuntamientomontecristi.gob.do\/transparencia\/wp-json\/wp\/v2\/users\/3"}],"replies":[{"embeddable":true,"href":"https:\/\/ayuntamientomontecristi.gob.do\/transparencia\/wp-json\/wp\/v2\/comments?post=78"}],"version-history":[{"count":6,"href":"https:\/\/ayuntamientomontecristi.gob.do\/transparencia\/wp-json\/wp\/v2\/pages\/78\/revisions"}],"predecessor-version":[{"id":1606,"href":"https:\/\/ayuntamientomontecristi.gob.do\/transparencia\/wp-json\/wp\/v2\/pages\/78\/revisions\/1606"}],"wp:attachment":[{"href":"https:\/\/ayuntamientomontecristi.gob.do\/transparencia\/wp-json\/wp\/v2\/media?parent=78"}],"curies":[{"name":"wp","href":"https:\/\/api.w.org\/{rel}","templated":true}]}}